{"id":159460,"date":"2026-01-28T21:59:53","date_gmt":"2026-01-28T21:59:53","guid":{"rendered":"https:\/\/trichosphere.org\/?post_type=product&#038;p=159460"},"modified":"2026-02-20T20:58:43","modified_gmt":"2026-02-20T20:58:43","slug":"praktyczna-trychologia-w-salonie-trichosphere-szkolenie-zgodne-z-cpd","status":"publish","type":"product","link":"https:\/\/trichosphere.org\/en\/product\/praktyczna-trychologia-w-salonie-trichosphere-szkolenie-zgodne-z-cpd\/","title":{"rendered":"Practical Trichology in the TrichoSphere Salon \u2013 CPD-Accredited Training"},"content":{"rendered":"<div class=\"wpb-content-wrapper\"><div data-parent=\"true\" class=\"vc_row row-letaral section-lateral row-horizontal-display overflow-hidden shape-bg additions row-container onepage-section\" data-label=\"top\" data-name=\"top\" id=\"row-unique-0\"><div class=\"row unequal quad-top-padding quad-bottom-padding single-h-padding limit-width row-parent\"><div class=\"wpb_row row-inner\"><div class=\"wpb_column pos-middle pos-center align_center column_parent col-lg-12 single-internal-gutter\"><div class=\"uncol style-light\"  ><div class=\"uncoltable\"><div class=\"uncell no-block-padding\" ><div class=\"uncont\" ><div class=\"vc_row row-internal row-container\"><div class=\"row row-child\"><div class=\"wpb_row row-inner\"><div class=\"wpb_column pos-top pos-center align_center column_child col-lg-12 half-internal-gutter\"><div class=\"uncol style-light\" ><div class=\"uncoltable\"><div class=\"uncell no-block-padding\" ><div class=\"uncont\" style=\" max-width:804px;\" ><div class=\"vc_custom_heading_wrap \"><div class=\"heading-text el-text\" ><h1 class=\"h1 font-weight-400\" ><span>PRAKTYCZNA TRYCHOLOGIA W SALONIE<\/p><\/span><span><p>14-godzinne szkolenie CPD Certified<\/span><\/h1><\/div><div class=\"clear\"><\/div><\/div><div class=\"uncode_text_column\" ><p>Dla fryzjer\u00f3w, barber\u00f3w i terapeut\u00f3w head spa<\/p>\n<p>Rozwi\u0144 swoje kompetencje i pracuj bezpiecznie ze sk\u00f3r\u0105 g\u0142owy klient\u00f3w<\/p>\n<p>\n<\/div><\/div><\/div><\/div><\/div><\/div><\/div><\/div><\/div><div class=\"empty-space empty-single\" ><span class=\"empty-space-inner\"><\/span><\/div>\n<div class=\"vc_custom_heading_wrap breaktrough-academy-title\"><div class=\"heading-text el-text\" ><h1 class=\"h1 fontspace-111509 font-weight-400 text-color-xsdn-color\" ><span>Training Program<\/span><\/h1><\/div><div class=\"clear\"><\/div><\/div><div class=\"vc_row row-internal row-container\"><div class=\"row col-double-gutter row-child\"><div class=\"wpb_row row-inner\"><div class=\"wpb_column pos-top pos-center align_left align_center_mobile column_child col-lg-6 col-md-25 single-internal-gutter\"><div class=\"uncol style-light\" ><div class=\"uncoltable\"><div class=\"uncell no-block-padding\" ><div class=\"uncont\" ><div class=\"vc_custom_heading_wrap \"><div class=\"heading-text el-text\" ><h3 class=\"h5\" ><span>Przygotowanie merytoryczne i webinary edukacyjne<\/span><\/h3><\/div><div class=\"clear\"><\/div><\/div><div class=\"uncode_text_column\" ><p>To profesjonalne, 14-godzinne szkolenie CPD zosta\u0142o stworzone dla specjalist\u00f3w bran\u017cy hair, kt\u00f3rzy chc\u0105 \u015bwiadomie i odpowiedzialnie pracowa\u0107 z problemami sk\u00f3ry g\u0142owy w codziennej praktyce salonowej.<\/p>\n<p>Program \u0142\u0105czy wiedz\u0119 teoretyczn\u0105 z intensywn\u0105 praktyk\u0105, daj\u0105c uczestnikom realne narz\u0119dzia do pracy z klientem.<\/p>\n<\/div><\/div><\/div><\/div><\/div><\/div><div class=\"wpb_column pos-top pos-center align_left align_center_mobile column_child col-lg-6 col-md-25 single-internal-gutter\"><div class=\"uncol style-light\" ><div class=\"uncoltable\"><div class=\"uncell no-block-padding\" ><div class=\"uncont\" ><div class=\"vc_custom_heading_wrap \"><div class=\"heading-text el-text\" ><h3 class=\"h5\" ><span>Dodatkowo<\/span><\/h3><\/div><div class=\"clear\"><\/div><\/div><div class=\"uncode_text_column\" ><p>Szkolenie prowadzone jest w zakresie niemedycznym i zgodnie z brytyjskimi standardami bezpiecze\u0144stwa.<\/p>\n<p>\n<\/div><\/div><\/div><\/div><\/div><\/div><\/div><\/div><\/div><div class=\"empty-space empty-single\" ><span class=\"empty-space-inner\"><\/span><\/div>\n<\/div><\/div><\/div><\/div><\/div><script id=\"script-row-unique-0\" data-row=\"script-row-unique-0\" type=\"text\/javascript\" class=\"vc_controls\">UNCODE.initRow(document.getElementById(\"row-unique-0\"));<\/script><\/div><\/div><\/div><div data-parent=\"true\" class=\"vc_row has-bg need-focus style-color-gyho-bg row-container\" id=\"row-unique-1\"><div class=\"row limit-width row-parent\"><div class=\"wpb_row row-inner\"><div class=\"wpb_column pos-middle pos-center align_center column_parent col-lg-12 single-internal-gutter\"><div class=\"uncol style-light\"  ><div class=\"uncoltable\"><div class=\"uncell no-block-padding\" ><div class=\"uncont\" ><div class=\"vc_custom_heading_wrap \"><div class=\"heading-text el-text\" ><h2 class=\"h2\" ><span>Struktura szkolenia \u2013 14 godzin CPD<\/span><\/h2><\/div><div class=\"clear\"><\/div><\/div>\n\t<div class=\"wpb_raw_code wpb_raw_html \" >\n\t\t<div class=\"wpb_wrapper\">\n\t\t\t[wpcdt-countdown id=\"131373\"]\n\t\t<\/div>\n\t<\/div>\n<div class=\"divider-wrapper \"  >\n    <hr class=\"unseparator separator-no-padding\"  \/>\n<\/div>\n<\/div><\/div><\/div><\/div><\/div><script id=\"script-row-unique-1\" data-row=\"script-row-unique-1\" type=\"text\/javascript\" class=\"vc_controls\">UNCODE.initRow(document.getElementById(\"row-unique-1\"));<\/script><\/div><\/div><\/div><div data-parent=\"true\" class=\"vc_row has-bg need-focus style-color-gyho-bg row-container\" id=\"row-unique-2\"><div class=\"row limit-width row-parent\"><div class=\"wpb_row row-inner\"><div class=\"wpb_column pos-middle pos-center align_center column_parent col-lg-6 single-internal-gutter\"><div class=\"uncol style-light\"  ><div class=\"uncoltable\"><div class=\"uncell no-block-padding\" ><div class=\"uncont\" ><div class=\"uncode_text_column\" ><\/p>\n<h3>Cz\u0119\u015b\u0107 I \u2013 9 godzin online<\/h3>\n<p>Trzy sesje online (3 \u00d7 3 godziny), prowadzone na \u017cywo.<\/p>\n<p>Zakres tematyczny:<\/p>\n<p>\u2022\u2060 \u2060Budowa i funkcjonowanie sk\u00f3ry g\u0142owy<br \/>\n\u2022\u2060 \u2060Cykl wzrostu w\u0142osa<br \/>\n\u2022\u2060 \u2060Najcz\u0119stsze problemy sk\u00f3ry g\u0142owy w salonie<br \/>\n\u2022\u2060 \u2060Strukturalna konsultacja krok po kroku<br \/>\n\u2022\u2060 \u2060Rozpoznawanie przeciwwskaza\u0144 i \u201ered flags\u201d<br \/>\n\u2022\u2060 \u2060Granice kompetencji w praktyce niemedycznej<\/p>\n<p>Sesje maj\u0105 charakter interaktywny \u2013 uczestnicy pracuj\u0105 na przyk\u0142adach salonowych i analizuj\u0105 realne scenariusze.<\/p>\n<\/div><div class=\"uncode_text_column\" ><\/p>\n<h3>Cz\u0119\u015b\u0107 II \u2013 5 godzin warsztatu praktycznego<\/h3>\n<p>Stacjonarny warsztat w ma\u0142ej grupie (maks. 10\u201312 os\u00f3b).<\/p>\n<p>Cz\u0119\u015b\u0107 praktyczna obejmuje:<\/p>\n<p>\u2022\u2060 \u2060Demonstracj\u0119 konsultacji trychologicznej<br \/>\n\u2022\u2060 \u2060\u0106wiczenia w parach<br \/>\n\u2022\u2060 \u2060Analiz\u0119 przypadk\u00f3w<br \/>\n\u2022\u2060 \u2060Dob\u00f3r bezpiecznych procedur salonowych<br \/>\n\u2022\u2060 \u2060Symulacje rozm\u00f3w z klientem<br \/>\n\u2022\u2060 \u2060Om\u00f3wienie zasad kierowania do specjalisty<\/p>\n<p>Ka\u017cdy uczestnik otrzymuje indywidualne wskaz\u00f3wki od trenera.<\/p>\n<\/div><\/div><\/div><\/div><\/div><\/div><script id=\"script-row-unique-2\" data-row=\"script-row-unique-2\" type=\"text\/javascript\" class=\"vc_controls\">UNCODE.initRow(document.getElementById(\"row-unique-2\"));<\/script><\/div><\/div><\/div><div data-parent=\"true\" class=\"vc_row row-container\" id=\"row-unique-3\"><div class=\"row triple-top-padding triple-bottom-padding single-h-padding limit-width row-parent\"><div class=\"wpb_row row-inner\"><div class=\"wpb_column pos-top pos-center align_left column_parent col-lg-4 single-internal-gutter\"><div class=\"uncol style-light\"  ><div class=\"uncoltable\"><div class=\"uncell no-block-padding\" ><div class=\"uncont\" ><div class=\"uncode-single-media  text-center\"><div class=\"single-wrapper\" style=\"max-width: 100%;\"><div class=\"tmb tmb-light  tmb-img-ratio tmb-media-first tmb-media-last tmb-content-overlay tmb-no-bg has-no-control\"><div class=\"t-inside\"><div class=\"t-entry-visual\"><div class=\"t-entry-visual-tc\"><div class=\"uncode-single-media-wrapper\"><div class=\"dummy\" style=\"padding-top: 150.1%;\"><\/div><img decoding=\"async\" class=\"wp-image-159338\" src=\"https:\/\/trichosphere.org\/wp-content\/uploads\/2025\/09\/1-scaled-uai-853x1280.jpg\" width=\"853\" height=\"1280\" alt=\"\" srcset=\"https:\/\/trichosphere.org\/wp-content\/uploads\/2025\/09\/1-scaled-uai-853x1280.jpg 853w, https:\/\/trichosphere.org\/wp-content\/uploads\/2025\/09\/1-scaled-uai-720x1080.jpg 720w\" sizes=\"(max-width: 853px) 100vw, 853px\" \/><\/div>\n\t\t\t\t\t<\/div>\n\t\t\t\t<\/div><\/div><\/div><\/div><\/div><\/div><\/div><\/div><\/div><\/div><div class=\"wpb_column pos-top pos-center align_left column_parent col-lg-4 single-internal-gutter\"><div class=\"uncol style-light\"  ><div class=\"uncoltable\"><div class=\"uncell no-block-padding\" ><div class=\"uncont\" ><div class=\"uncode-single-media  text-left\"><div class=\"single-wrapper\" style=\"max-width: 100%;\"><div class=\"tmb tmb-light  tmb-img-ratio tmb-media-first tmb-media-last tmb-content-overlay tmb-no-bg\"><div class=\"t-inside\"><div class=\"t-entry-visual\"><div class=\"t-entry-visual-tc\"><div class=\"uncode-single-media-wrapper\"><div class=\"dummy\" style=\"padding-top: 150.2%;\"><\/div><img decoding=\"async\" class=\"wp-image-159248\" src=\"https:\/\/trichosphere.org\/wp-content\/uploads\/2025\/08\/Trichosphere-uai-654x982.jpeg\" width=\"654\" height=\"982\" alt=\"\"><\/div>\n\t\t\t\t\t<\/div>\n\t\t\t\t<\/div><\/div><\/div><\/div><\/div><\/div><\/div><\/div><\/div><\/div><div class=\"wpb_column pos-top pos-center align_left column_parent col-lg-4 single-internal-gutter\"><div class=\"uncol style-light\"  ><div class=\"uncoltable\"><div class=\"uncell no-block-padding\" ><div class=\"uncont\" ><div class=\"uncode-single-media  text-left\"><div class=\"single-wrapper\" style=\"max-width: 100%;\"><div class=\"tmb tmb-light  tmb-img-ratio tmb-media-first tmb-media-last tmb-content-overlay tmb-no-bg\"><div class=\"t-inside\"><div class=\"t-entry-visual\"><div class=\"t-entry-visual-tc\"><div class=\"uncode-single-media-wrapper\"><div class=\"dummy\" style=\"padding-top: 150.1%;\"><\/div><img decoding=\"async\" class=\"wp-image-159251\" src=\"https:\/\/trichosphere.org\/wp-content\/uploads\/2025\/08\/Trichosphere5-uai-682x1024.jpeg\" width=\"682\" height=\"1024\" alt=\"\"><\/div>\n\t\t\t\t\t<\/div>\n\t\t\t\t<\/div><\/div><\/div><\/div><\/div><\/div><\/div><\/div><\/div><\/div><script id=\"script-row-unique-3\" data-row=\"script-row-unique-3\" type=\"text\/javascript\" class=\"vc_controls\">UNCODE.initRow(document.getElementById(\"row-unique-3\"));<\/script><\/div><\/div><\/div><div data-parent=\"true\" class=\"vc_row has-bg need-focus style-color-lxmt-bg row-container\" id=\"row-unique-4\"><div class=\"row quad-top-padding quad-bottom-padding single-h-padding limit-width row-parent\"><div class=\"wpb_row row-inner\"><div class=\"wpb_column pos-top pos-center align_center column_parent col-lg-12 double-internal-gutter\"><div class=\"uncol style-light\"  ><div class=\"uncoltable\"><div class=\"uncell no-block-padding\" ><div class=\"uncont\" ><div class=\"vc_row row-internal row-container\"><div class=\"row row-child\"><div class=\"wpb_row row-inner\"><div class=\"wpb_column pos-top pos-center align_center column_child col-lg-12 half-internal-gutter\"><div class=\"uncol style-light\" ><div class=\"uncoltable\"><div class=\"uncell no-block-padding\" ><div class=\"uncont\" style=\" max-width:600px;\" ><div class=\"vc_custom_heading_wrap \"><div class=\"heading-text el-text\" ><h3 class=\"h2\" ><span>Czego nauczysz si\u0119 podczas szkolenia?<\/span><\/h3><\/div><div class=\"clear\"><\/div><\/div><div class=\"uncode_text_column\" ><p>Po uko\u0144czeniu kursu:<\/p>\n<p>\u2714 przeprowadzisz bezpieczn\u0105 i uporz\u0105dkowan\u0105 konsultacj\u0119<br \/>\n\u2714 rozpoznasz najcz\u0119stsze problemy sk\u00f3ry g\u0142owy w salonie<br \/>\n\u2714 zidentyfikujesz przeciwwskazania do zabieg\u00f3w<br \/>\n\u2714 b\u0119dziesz wiedzie\u0107, kiedy odm\u00f3wi\u0107 wykonania us\u0142ugi<br \/>\n\u2714 zrozumiesz granice praktyki niemedycznej<br \/>\n\u2714 nauczysz si\u0119 bezpiecznego doboru procedur piel\u0119gnacyjnych<\/p>\n<\/div><\/div><\/div><\/div><\/div><\/div><\/div><\/div><\/div><\/div><\/div><\/div><\/div><\/div><script id=\"script-row-unique-4\" data-row=\"script-row-unique-4\" type=\"text\/javascript\" class=\"vc_controls\">UNCODE.initRow(document.getElementById(\"row-unique-4\"));<\/script><\/div><\/div><\/div><div data-parent=\"true\" class=\"vc_row row-letaral section-lateral row-horizontal-display overflow-hidden shape-bg additions row-container\" id=\"row-unique-5\"><div class=\"row unequal quad-top-padding quad-bottom-padding single-h-padding limit-width row-parent\"><div class=\"wpb_row row-inner\"><div class=\"wpb_column pos-middle pos-center align_center column_parent col-lg-12 single-internal-gutter\"><div class=\"uncol style-light\"  ><div class=\"uncoltable\"><div class=\"uncell no-block-padding\" ><div class=\"uncont\" ><div class=\"vc_row row-internal row-container\"><div class=\"row row-child\"><div class=\"wpb_row row-inner\"><div class=\"wpb_column pos-top pos-center align_center column_child col-lg-12 half-internal-gutter\"><div class=\"uncol style-light\" ><div class=\"uncoltable\"><div class=\"uncell no-block-padding\" ><div class=\"uncont\" style=\" max-width:804px;\" ><div class=\"uncode_text_column\" ><\/p>\n<h3>Certyfikacja<\/h3>\n<p>Szkolenie jest CPD Certified (UK).<\/p>\n<p>Po uko\u0144czeniu uczestnik otrzymuje imienny certyfikat potwierdzaj\u0105cy uko\u0144czenie 14 godzin strukturalnego szkolenia zawodowego zgodnie ze standardami CPD.<\/p>\n<h3>Dla kogo jest to szkolenie?<\/h3>\n<p>\u2022\u2060 \u2060Fryzjer\u00f3w<br \/>\n\u2022\u2060 \u2060Barber\u00f3w<br \/>\n\u2022\u2060 \u2060Specjalist\u00f3w head spa<br \/>\n\u2022\u2060 \u2060W\u0142a\u015bcicieli salon\u00f3w<br \/>\n\u2022\u2060 \u2060Os\u00f3b chc\u0105cych poszerzy\u0107 kompetencje o elementy trychologii praktycznej<\/p>\n<h3>Dlaczego warto?<\/h3>\n<p>Klienci coraz cz\u0119\u015bciej zg\u0142aszaj\u0105 problemy zwi\u0105zane ze sk\u00f3r\u0105 g\u0142owy.<br \/>\nTo szkolenie daje Ci pewno\u015b\u0107, \u017ce wiesz:<\/p>\n<p>\u2022\u2060 \u2060co mo\u017cesz zrobi\u0107 w ramach salonu<br \/>\n\u2022\u2060 \u2060czego nie wolno Ci robi\u0107<br \/>\n\u2022\u2060 \u2060kiedy nale\u017cy skierowa\u0107 klienta do specjalisty<\/p>\n<h2>Budujesz profesjonalny wizerunek i zwi\u0119kszasz warto\u015b\u0107 swoich us\u0142ug.<\/h2>\n<p>\n<\/div><\/div><\/div><\/div><\/div><\/div><\/div><\/div><\/div><span class=\"btn-container\" ><a role=\"button\"  href=\"#top\" class=\"custom-link btn border-width-0 btn-accent btn-icon-left\">Book your training<\/a><\/span><\/div><\/div><\/div><\/div><\/div><script id=\"script-row-unique-5\" data-row=\"script-row-unique-5\" type=\"text\/javascript\" class=\"vc_controls\">UNCODE.initRow(document.getElementById(\"row-unique-5\"));<\/script><\/div><\/div><\/div><div data-parent=\"true\" class=\"vc_row has-bg need-focus style-color-vyce-bg row-container\" id=\"row-unique-6\"><div class=\"row no-top-padding no-bottom-padding no-h-padding row-slider row-parent\"><div class=\"wpb_column pos-top pos-center align_center column_parent col-lg-12 single-internal-gutter\"><div class=\"uncol style-spec style-dark\"  ><div class=\"uncoltable\"><div class=\"uncell no-block-padding\" ><div class=\"uncont\" ><div class=\"uncode_text_column text-lead\" ><p>Szkolenie \u201ePraktyczna trychologia w salonie TrichoSphere\u201d nie jest jednorazowym kursem, lecz kompleksowym poszerzeniem kompetencji zawodowych, kt\u00f3re realnie podnosi jako\u015b\u0107 pracy salonowej oraz warto\u015b\u0107 oferowanych us\u0142ug.<\/p>\n<\/div><\/div><\/div><\/div><\/div><\/div><script id=\"script-row-unique-6\" data-row=\"script-row-unique-6\" type=\"text\/javascript\" class=\"vc_controls\">UNCODE.initRow(document.getElementById(\"row-unique-6\"));<\/script><\/div><\/div><div data-parent=\"true\" class=\"vc_row row-container\" id=\"row-unique-7\"><div class=\"row col-no-gutter no-top-padding no-bottom-padding no-h-padding full-width row-parent\"><div class=\"wpb_row row-inner\"><script id=\"script-row-unique-7\" data-row=\"script-row-unique-7\" type=\"text\/javascript\" class=\"vc_controls\">UNCODE.initRow(document.getElementById(\"row-unique-7\"));<\/script><\/div><\/div><\/div><div data-parent=\"true\" class=\"vc_row row-container\" id=\"row-unique-8\"><div class=\"row unequal col-no-gutter no-top-padding no-bottom-padding no-h-padding full-width row-parent\"><div class=\"wpb_row row-inner\"><script id=\"script-row-unique-8\" data-row=\"script-row-unique-8\" type=\"text\/javascript\" class=\"vc_controls\">UNCODE.initRow(document.getElementById(\"row-unique-8\"));<\/script><\/div><\/div><\/div><div data-parent=\"true\" class=\"vc_row row-container\" id=\"row-unique-9\"><div class=\"row col-no-gutter no-top-padding no-bottom-padding no-h-padding full-width row-parent\"><div class=\"wpb_row row-inner\"><script id=\"script-row-unique-9\" data-row=\"script-row-unique-9\" type=\"text\/javascript\" class=\"vc_controls\">UNCODE.initRow(document.getElementById(\"row-unique-9\"));<\/script><\/div><\/div><\/div><div data-parent=\"true\" class=\"vc_row row-container\" id=\"row-unique-10\"><div class=\"row unequal col-no-gutter no-top-padding no-bottom-padding no-h-padding full-width row-parent\"><div class=\"wpb_row row-inner\"><script id=\"script-row-unique-10\" data-row=\"script-row-unique-10\" type=\"text\/javascript\" class=\"vc_controls\">UNCODE.initRow(document.getElementById(\"row-unique-10\"));<\/script><\/div><\/div><\/div><div data-parent=\"true\" class=\"vc_row row-container\" id=\"row-unique-11\"><div class=\"row col-no-gutter no-top-padding no-bottom-padding no-h-padding full-width row-parent\"><div class=\"wpb_row row-inner\"><script id=\"script-row-unique-11\" data-row=\"script-row-unique-11\" type=\"text\/javascript\" class=\"vc_controls\">UNCODE.initRow(document.getElementById(\"row-unique-11\"));<\/script><\/div><\/div><\/div><div data-parent=\"true\" class=\"vc_row row-container\" id=\"row-unique-12\"><div class=\"row unequal col-no-gutter no-top-padding no-bottom-padding no-h-padding full-width row-parent\"><div class=\"wpb_row row-inner\"><script id=\"script-row-unique-12\" data-row=\"script-row-unique-12\" type=\"text\/javascript\" class=\"vc_controls\">UNCODE.initRow(document.getElementById(\"row-unique-12\"));<\/script><\/div><\/div><\/div>\n<\/div>","protected":false},"excerpt":{"rendered":"<h2>Practical Trichology in the TrichoSphere Salon \u2013 CPD-Accredited Training<\/h2>","protected":false},"featured_media":159487,"comment_status":"open","ping_status":"closed","template":"","meta":[],"product_brand":[],"product_cat":[103,102],"product_tag":[],"class_list":{"0":"post-159460","1":"product","2":"type-product","3":"status-publish","4":"has-post-thumbnail","6":"product_cat-szkolenia","7":"product_cat-trening","9":"first","10":"instock","11":"shipping-taxable","12":"purchasable","13":"product-type-simple"},"_links":{"self":[{"href":"https:\/\/trichosphere.org\/en\/wp-json\/wp\/v2\/product\/159460","targetHints":{"allow":["GET"]}}],"collection":[{"href":"https:\/\/trichosphere.org\/en\/wp-json\/wp\/v2\/product"}],"about":[{"href":"https:\/\/trichosphere.org\/en\/wp-json\/wp\/v2\/types\/product"}],"replies":[{"embeddable":true,"href":"https:\/\/trichosphere.org\/en\/wp-json\/wp\/v2\/comments?post=159460"}],"wp:featuredmedia":[{"embeddable":true,"href":"https:\/\/trichosphere.org\/en\/wp-json\/wp\/v2\/media\/159487"}],"wp:attachment":[{"href":"https:\/\/trichosphere.org\/en\/wp-json\/wp\/v2\/media?parent=159460"}],"wp:term":[{"taxonomy":"product_brand","embeddable":true,"href":"https:\/\/trichosphere.org\/en\/wp-json\/wp\/v2\/product_brand?post=159460"},{"taxonomy":"product_cat","embeddable":true,"href":"https:\/\/trichosphere.org\/en\/wp-json\/wp\/v2\/product_cat?post=159460"},{"taxonomy":"product_tag","embeddable":true,"href":"https:\/\/trichosphere.org\/en\/wp-json\/wp\/v2\/product_tag?post=159460"}],"curies":[{"name":"wp","href":"https:\/\/api.w.org\/{rel}","templated":true}]}}